{"id":675,"date":"2025-04-03T09:03:04","date_gmt":"2025-04-03T09:03:04","guid":{"rendered":"https:\/\/phillipps.lu\/?page_id=675"},"modified":"2025-04-03T09:08:22","modified_gmt":"2025-04-03T09:08:22","slug":"reinigungskraft","status":"publish","type":"page","link":"https:\/\/phillipps.lu\/fr\/reinigungskraft\/","title":{"rendered":"Reinigungskraft"},"content":{"rendered":"<h1>Reinigungskraft (m\/w\/d)<\/h1>\n<div>\n<h3 data-start=\"301\" data-end=\"323\">\u00dcber uns<\/h3>\n<p>Phillipps Home Specialist ist ein renommiertes Unternehmen, das sich auf hochwertige Handwerks- und Dienstleistungen spezialisiert hat. Wir suchen ab sofort eine zuverl\u00e4ssige und engagierte Reinigungskraft (m\/w\/d), die die Verantwortung f\u00fcr die Sauberkeit, Ordnung und Hygiene der uns anvertrauten Objekte \u00fcbernimmt.<\/p>\n<h3 data-start=\"960\" data-end=\"983\">Ihre Aufgaben<\/h3>\n<ul>\n<li data-start=\"986\" data-end=\"1073\">Sie reinigen alle beauftragten Geb\u00e4udebereiche und R\u00e4ume gr\u00fcndlich und zuverl\u00e4ssig<\/li>\n<li data-start=\"986\" data-end=\"1073\">Sie achten darauf, dass alle Sicherheits-, Gesundheits- und Hygienevorschriften eingehalten werden<\/li>\n<li data-start=\"986\" data-end=\"1073\">Sie sorgen f\u00fcr eine korrekte M\u00fclltrennung und die fachgerechte Entsorgung<\/li>\n<li data-start=\"986\" data-end=\"1073\">Sie f\u00fchren alle Reinigungsarbeiten termingerecht und mit h\u00f6chster Sorgfalt aus<\/li>\n<li data-start=\"986\" data-end=\"1073\">Sie informieren die Vorgesetzten umgehend \u00fcber festgestellte M\u00e4ngel oder Reparaturbedarf<\/li>\n<li data-start=\"986\" data-end=\"1073\">Sie k\u00fcmmern sich um die ordnungsgem\u00e4\u00dfe Aufbewahrung der Arbeitsmaterialien und Ger\u00e4te<\/li>\n<li data-start=\"986\" data-end=\"1073\">Sie ber\u00fccksichtigen stets die Betriebsanweisungen und Anwendungsvorschriften f\u00fcr Reinigungs- und Pflegemittel<\/li>\n<\/ul>\n<h3 data-start=\"1193\" data-end=\"1224\">IHR Profil<\/h3>\n<ul>\n<li data-start=\"1227\" data-end=\"1302\">Sie haben idealerweise Erfahrung als Reinigungskraft (m\/w\/d), Berufserfahrung ist von Vorteil<\/li>\n<li data-start=\"1227\" data-end=\"1302\">Sie sind flexibel, gr\u00fcndlich und haben ein gutes Organisationstalent<\/li>\n<li data-start=\"1227\" data-end=\"1302\">Sie sind p\u00fcnktlich, verantwortungsbewusst und zuverl\u00e4ssig<\/li>\n<li data-start=\"1227\" data-end=\"1302\">Sie arbeiten gerne im Team und bringen Verschwiegenheit sowie Integrit\u00e4t mit<\/li>\n<li data-start=\"1227\" data-end=\"1302\">Ein hohes Ma\u00df an Sorgfalt und Genauigkeit ist f\u00fcr Sie selbstverst\u00e4ndlich<\/li>\n<li data-start=\"1227\" data-end=\"1302\">F\u00fchrerschein Klasse B zwingend erforderlich. Firmenfahrzeug wird zur Verf\u00fcgung gestellt<\/li>\n<\/ul>\n<h3>ALLGEMEIN<\/h3>\n<p>Wir bieten einen Dauerarbeitsplatz mit attraktivem Gehalt. Neben einer fundierten Einarbeitung erwarten Euch interessante Projekte und 130 qualifizierte und motivierte Kollegen.<\/p>\n<p><strong>Bewerbung bitte per Post oder E-Mail<\/strong><br \/>T. <a href=\"tel:00352691234728\">+352 691 234 728<\/a><br \/>E. <a href=\"mailto:byvire.xbagre@cuvyyvccf.yh\">byvire.xbagre@cuvyyvccf.yh<\/a><br \/>32, Z.A.E. Le Triange Vert<br \/>L-5691 ELLANGE<\/p>\n<p><strong>Wir freuen uns auf Euch!<\/strong><\/p>\n<\/div>\n<p><br \/>\n<\/p>\n","protected":false},"excerpt":{"rendered":"<p>Reinigungskraft (m\/w\/d) \u00dcber uns Phillipps Home Specialist ist ein renommiertes Unternehmen, das sich auf hochwertige Handwerks- und Dienstleistungen spezialisiert hat. Wir suchen ab sofort eine zuverl\u00e4ssige und engagierte Reinigungskraft (m\/w\/d), die die Verantwortung f\u00fcr die Sauberkeit, Ordnung und Hygiene der uns anvertrauten Objekte \u00fcbernimmt. Ihre Aufgaben Sie reinigen alle beauftragten Geb\u00e4udebereiche und R\u00e4ume gr\u00fcndlich und [&hellip;]<\/p>\n","protected":false},"author":1,"featured_media":0,"parent":0,"menu_order":0,"comment_status":"closed","ping_status":"closed","template":"","meta":{"_acf_changed":false,"footnotes":""},"class_list":["post-675","page","type-page","status-publish","hentry"],"acf":[],"_links":{"self":[{"href":"https:\/\/phillipps.lu\/fr\/wp-json\/wp\/v2\/pages\/675","targetHints":{"allow":["GET"]}}],"collection":[{"href":"https:\/\/phillipps.lu\/fr\/wp-json\/wp\/v2\/pages"}],"about":[{"href":"https:\/\/phillipps.lu\/fr\/wp-json\/wp\/v2\/types\/page"}],"author":[{"embeddable":true,"href":"https:\/\/phillipps.lu\/fr\/wp-json\/wp\/v2\/users\/1"}],"replies":[{"embeddable":true,"href":"https:\/\/phillipps.lu\/fr\/wp-json\/wp\/v2\/comments?post=675"}],"version-history":[{"count":0,"href":"https:\/\/phillipps.lu\/fr\/wp-json\/wp\/v2\/pages\/675\/revisions"}],"wp:attachment":[{"href":"https:\/\/phillipps.lu\/fr\/wp-json\/wp\/v2\/media?parent=675"}],"curies":[{"name":"wp","href":"https:\/\/api.w.org\/{rel}","templated":true}]}}