{"id":673,"date":"2025-04-03T09:02:25","date_gmt":"2025-04-03T09:02:25","guid":{"rendered":"https:\/\/phillipps.lu\/?page_id=673"},"modified":"2025-04-03T09:06:55","modified_gmt":"2025-04-03T09:06:55","slug":"elektriker","status":"publish","type":"page","link":"https:\/\/phillipps.lu\/fr\/elektriker\/","title":{"rendered":"Elektriker"},"content":{"rendered":"<h1>ELEKTRIKER (m\/w\/d)<\/h1>\n<div>\n<p>Phillipps Home Specialist ist ein innovatives Unternehmen, das sich auf handwerkliche Dienstleistungen f\u00fcr Privatkunden spezialisiert hat. Wir legen besonderen Wert auf hohe Qualit\u00e4t und Kundenzufriedenheit. Zur Verst\u00e4rkung unseres Teams suchen wir einen engagierten Elektriker, der mit Expertise und Leidenschaft in der Elektroinstallation und Wartung von elektrischen Anlagen arbeitet.<\/p>\n<\/div>\n<div>\n<h3><strong>Ihre Aufgaben<\/strong><\/h3>\n<ul>\n<li>Installation, Wartung und Reparatur von elektrischen Anlagen in privaten Haushalten<\/li>\n<li>Durchf\u00fchrung von Pr\u00fcfungen elektrischer Systeme und Anlagen auf Sicherheit und Funktionalit\u00e4t<\/li>\n<li>Fehlerdiagnose und -behebung in bestehenden elektrischen Installationen<\/li>\n<li>Unterst\u00fctzung bei Neubauten, Renovierungen und Modernisierungen im Bereich Elektroinstallation<\/li>\n<li>Zusammenarbeit mit anderen Handwerkern auf der Baustelle zur termingerechten Fertigstellung der Projekte<\/li>\n<\/ul>\n<h3>Ihr Profil:<\/h3>\n<ul>\n<li>Abgeschlossene Ausbildung als Elektriker, Elektroinstallateur oder Elektrotechniker<\/li>\n<li>Fundierte Kenntnisse in der Installation, Wartung und Reparatur von elektrischen Anlagen<\/li>\n<li>Erfahrung in der Pr\u00fcfung und Instandhaltung elektrischer Systeme<\/li>\n<li>Teamf\u00e4higkeit und gute Kommunikationsf\u00e4higkeit<\/li>\n<li>Erfahrung in der Geb\u00e4udeinstallation und Elektroinstallation im Privatkundenbereich<\/li>\n<li>F\u00fchrerschein der Klasse B ist zwingend erforderlich<\/li>\n<li>Sprache: Deutsch, Franz\u00f6sisch von Vorteil.<\/li>\n<\/ul>\n<h3>ALLGEMEIN<\/h3>\n<p>Wir bieten einen Dauerarbeitsplatz mit attraktivem Gehalt. Neben einer fundierten Einarbeitung erwarten Euch interessante Projekte und 130 qualifizierte und motivierte Kollegen.<\/p>\n<p><strong>Bewerbung bitte per Post oder E-Mail<\/strong><br \/>T. <a href=\"tel:00352691234728\">+352 691 234 728<\/a><br \/>E. <a href=\"mailto:byvire.xbagre@cuvyyvccf.yh\">byvire.xbagre@cuvyyvccf.yh<\/a><br \/>32, Z.A.E. Le Triange Vert<br \/>L-5691 ELLANGE<\/p>\n<p><strong>Wir freuen uns auf Euch!<\/strong><\/p>\n<\/div>\n<p><br \/>\n<\/p>\n","protected":false},"excerpt":{"rendered":"<p>ELEKTRIKER (m\/w\/d) Phillipps Home Specialist ist ein innovatives Unternehmen, das sich auf handwerkliche Dienstleistungen f\u00fcr Privatkunden spezialisiert hat. Wir legen besonderen Wert auf hohe Qualit\u00e4t und Kundenzufriedenheit. Zur Verst\u00e4rkung unseres Teams suchen wir einen engagierten Elektriker, der mit Expertise und Leidenschaft in der Elektroinstallation und Wartung von elektrischen Anlagen arbeitet. Ihre Aufgaben Installation, Wartung und [&hellip;]<\/p>\n","protected":false},"author":1,"featured_media":0,"parent":0,"menu_order":0,"comment_status":"closed","ping_status":"closed","template":"","meta":{"_acf_changed":false,"footnotes":""},"class_list":["post-673","page","type-page","status-publish","hentry"],"acf":[],"_links":{"self":[{"href":"https:\/\/phillipps.lu\/fr\/wp-json\/wp\/v2\/pages\/673","targetHints":{"allow":["GET"]}}],"collection":[{"href":"https:\/\/phillipps.lu\/fr\/wp-json\/wp\/v2\/pages"}],"about":[{"href":"https:\/\/phillipps.lu\/fr\/wp-json\/wp\/v2\/types\/page"}],"author":[{"embeddable":true,"href":"https:\/\/phillipps.lu\/fr\/wp-json\/wp\/v2\/users\/1"}],"replies":[{"embeddable":true,"href":"https:\/\/phillipps.lu\/fr\/wp-json\/wp\/v2\/comments?post=673"}],"version-history":[{"count":0,"href":"https:\/\/phillipps.lu\/fr\/wp-json\/wp\/v2\/pages\/673\/revisions"}],"wp:attachment":[{"href":"https:\/\/phillipps.lu\/fr\/wp-json\/wp\/v2\/media?parent=673"}],"curies":[{"name":"wp","href":"https:\/\/api.w.org\/{rel}","templated":true}]}}