{"id":450,"date":"2025-03-07T10:50:41","date_gmt":"2025-03-07T10:50:41","guid":{"rendered":"https:\/\/phillipps-2025.mwd-dev.lu\/?page_id=450"},"modified":"2025-03-21T08:37:18","modified_gmt":"2025-03-21T08:37:18","slug":"outdormoebel","status":"publish","type":"page","link":"https:\/\/phillipps.lu\/fr\/leistungen\/aussen\/outdormoebel\/","title":{"rendered":"Mobilier d&rsquo;ext\u00e9rieur"},"content":{"rendered":"<p><img decoding=\"async\" src=\"\/_res\/uploads\/2025\/03\/20250307-outdoor-de.png\" alt=\"\"><\/p>\n<h1>\n<p>Outdoorm\u00f6bel<\/p>\n<\/h1>\n<div>\n<p><strong>Outdoorm\u00f6bel f\u00fcr Ihr Wohnzimmer im Gr\u00fcnen \u2013 Stil und Komfort vereint<\/strong><\/p>\n<p>Verwandeln Sie Ihren Au\u00dfenbereich in ein gem\u00fctliches Wohnzimmer unter freiem Himmel. Mit unseren hochwertigen <strong>Outdoorm\u00f6beln<\/strong> holen Sie sich den Komfort und die Eleganz Ihres Wohnzimmers nach drau\u00dfen \u2013 mitten ins Gr\u00fcne. Genie\u00dfen Sie entspannte Stunden in der Natur, w\u00e4hrend stilvolle M\u00f6bel aus robusten Materialien Ihr Zuhause bereichern. Perfekt f\u00fcr ein Ambiente, das sowohl einladend als auch funktional ist, bieten unsere Outdoorm\u00f6bel die ideale Kombination aus Design und Komfort f\u00fcr unvergessliche Momente im Freien.<\/p>\n<\/div>\n<p><img decoding=\"async\" src=\"\/_res\/uploads\/2025\/03\/20250307-outdoor.png\" alt=\"\"><\/p>\n<p><br \/>\n<\/p>\n","protected":false},"excerpt":{"rendered":"<p>Outdoorm\u00f6bel Outdoorm\u00f6bel f\u00fcr Ihr Wohnzimmer im Gr\u00fcnen \u2013 Stil und Komfort vereint Verwandeln Sie Ihren Au\u00dfenbereich in ein gem\u00fctliches Wohnzimmer unter freiem Himmel. Mit unseren hochwertigen Outdoorm\u00f6beln holen Sie sich den Komfort und die Eleganz Ihres Wohnzimmers nach drau\u00dfen \u2013 mitten ins Gr\u00fcne. Genie\u00dfen Sie entspannte Stunden in der Natur, w\u00e4hrend stilvolle M\u00f6bel aus robusten [&hellip;]<\/p>\n","protected":false},"author":1,"featured_media":0,"parent":211,"menu_order":0,"comment_status":"closed","ping_status":"closed","template":"","meta":{"_acf_changed":false,"footnotes":""},"class_list":["post-450","page","type-page","status-publish","hentry"],"acf":[],"_links":{"self":[{"href":"https:\/\/phillipps.lu\/fr\/wp-json\/wp\/v2\/pages\/450","targetHints":{"allow":["GET"]}}],"collection":[{"href":"https:\/\/phillipps.lu\/fr\/wp-json\/wp\/v2\/pages"}],"about":[{"href":"https:\/\/phillipps.lu\/fr\/wp-json\/wp\/v2\/types\/page"}],"author":[{"embeddable":true,"href":"https:\/\/phillipps.lu\/fr\/wp-json\/wp\/v2\/users\/1"}],"replies":[{"embeddable":true,"href":"https:\/\/phillipps.lu\/fr\/wp-json\/wp\/v2\/comments?post=450"}],"version-history":[{"count":0,"href":"https:\/\/phillipps.lu\/fr\/wp-json\/wp\/v2\/pages\/450\/revisions"}],"up":[{"embeddable":true,"href":"https:\/\/phillipps.lu\/fr\/wp-json\/wp\/v2\/pages\/211"}],"wp:attachment":[{"href":"https:\/\/phillipps.lu\/fr\/wp-json\/wp\/v2\/media?parent=450"}],"curies":[{"name":"wp","href":"https:\/\/api.w.org\/{rel}","templated":true}]}}