{"id":374,"date":"2025-02-20T14:20:57","date_gmt":"2025-02-20T14:20:57","guid":{"rendered":"https:\/\/phillipps-2025.mwd-dev.lu\/?page_id=374"},"modified":"2025-03-21T07:56:11","modified_gmt":"2025-03-21T07:56:11","slug":"dacharbeiten","status":"publish","type":"page","link":"https:\/\/phillipps.lu\/fr\/leistungen\/aussen\/dacharbeiten\/","title":{"rendered":"Travaux de toiture"},"content":{"rendered":"<p><img decoding=\"async\" src=\"\/_res\/uploads\/2025\/03\/20250307-dach.png\" alt=\"\"><\/p>\n<h2>Dach&shy;arbeiten<\/h2>\n<div>\n<p><strong>Ihr Dach ist mehr als nur ein Schutz vor den Elementen \u2013 es ist der Ort, der Ihr Zuhause sicher und behaglich macht. Mit unseren sorgf\u00e4ltigen Dacharbeiten sorgen wir daf\u00fcr, dass Sie sich immer gesch\u00fctzt und wohl f\u00fchlen k\u00f6nnen, egal bei welchem Wetter. <\/strong><\/p>\n<p>Ob eine neue Dachinstallation, schnelle Reparaturen oder eine komplette Sanierung \u2013 wir geben Ihrem Dach die Liebe und Aufmerksamkeit, die es braucht, damit es Ihnen viele Jahre lang Sicherheit und Geborgenheit bietet. Vertrauen Sie uns, Ihr Dach in besten H\u00e4nden zu wissen. Ihr Dach \u2013 unsere Verantwortung!<\/p>\n<\/div>\n<p><img decoding=\"async\" src=\"\/_res\/uploads\/2025\/03\/20250317-dach.jpg\" alt=\"\"><\/p>\n<p><br \/>\n<\/p>\n","protected":false},"excerpt":{"rendered":"<p>Dach&shy;arbeiten Ihr Dach ist mehr als nur ein Schutz vor den Elementen \u2013 es ist der Ort, der Ihr Zuhause sicher und behaglich macht. Mit unseren sorgf\u00e4ltigen Dacharbeiten sorgen wir daf\u00fcr, dass Sie sich immer gesch\u00fctzt und wohl f\u00fchlen k\u00f6nnen, egal bei welchem Wetter. Ob eine neue Dachinstallation, schnelle Reparaturen oder eine komplette Sanierung \u2013 [&hellip;]<\/p>\n","protected":false},"author":1,"featured_media":0,"parent":211,"menu_order":200,"comment_status":"closed","ping_status":"closed","template":"","meta":{"_acf_changed":false,"footnotes":""},"class_list":["post-374","page","type-page","status-publish","hentry"],"acf":[],"_links":{"self":[{"href":"https:\/\/phillipps.lu\/fr\/wp-json\/wp\/v2\/pages\/374","targetHints":{"allow":["GET"]}}],"collection":[{"href":"https:\/\/phillipps.lu\/fr\/wp-json\/wp\/v2\/pages"}],"about":[{"href":"https:\/\/phillipps.lu\/fr\/wp-json\/wp\/v2\/types\/page"}],"author":[{"embeddable":true,"href":"https:\/\/phillipps.lu\/fr\/wp-json\/wp\/v2\/users\/1"}],"replies":[{"embeddable":true,"href":"https:\/\/phillipps.lu\/fr\/wp-json\/wp\/v2\/comments?post=374"}],"version-history":[{"count":0,"href":"https:\/\/phillipps.lu\/fr\/wp-json\/wp\/v2\/pages\/374\/revisions"}],"up":[{"embeddable":true,"href":"https:\/\/phillipps.lu\/fr\/wp-json\/wp\/v2\/pages\/211"}],"wp:attachment":[{"href":"https:\/\/phillipps.lu\/fr\/wp-json\/wp\/v2\/media?parent=374"}],"curies":[{"name":"wp","href":"https:\/\/api.w.org\/{rel}","templated":true}]}}