{"id":318,"date":"2025-02-20T09:03:10","date_gmt":"2025-02-20T09:03:10","guid":{"rendered":"https:\/\/phillipps-2025.mwd-dev.lu\/?page_id=318"},"modified":"2025-03-21T13:47:46","modified_gmt":"2025-03-21T13:47:46","slug":"gardinen-sonnenschutz","status":"publish","type":"page","link":"https:\/\/phillipps.lu\/fr\/leistungen\/interior-design\/gardinen-sonnenschutz\/","title":{"rendered":"Rideaux &#038; protection solaire"},"content":{"rendered":"<h2>Gardinen &#038; Sonnen&shy;schutz<\/h2>\n<h2>\n<p><span>Gardinen! <\/span><span>Harmonie in Form und Funktion.<\/span><\/p>\n<\/h2>\n<div>\n<p><strong>Fenster sind die Br\u00fccke zwischen Ihrem Zuhause und Ihrer Umwelt.<\/strong><\/p>\n<p>Spielen Sie mit dem Tageslicht und lassen Sie eine besondere Wohlf\u00fchlatmosph\u00e4re entstehen. Gardinen versch\u00f6nern unsere Fenster&#8230; mal elegant, mal farbig und ausgefallen&#8230; so individuell wie Sie selbst.<\/p>\n<p>Wir bieten Ihnen hochwertige Markenprodukte, individuelle L\u00f6sungen und perfektes Design.<\/p>\n<p>Einem Leben Raum geben, indem Sie einem Raum Leben schenken.<\/p>\n<p>Sicht- und Sonnenschutz: Wir beraten, messen millimetergenau aus und montieren fachgerecht. Das ist einfacher f\u00fcr Sie, sieht besser aus und Sie haben l\u00e4nger Freude daran.<\/p>\n<\/div>\n<p><img decoding=\"async\" src=\"\/_res\/uploads\/2025\/03\/20250313-designgardinen-de.png\" alt=\"\"><\/p>\n<div>\n<p><strong>Gardinen bieten Ihnen unz\u00e4hlige M\u00f6glichkeiten, Sicht- und Sonnenschutz ganz individuell zu gestalten.<\/strong><\/p>\n<\/div>\n<p><img decoding=\"async\" src=\"\/_res\/uploads\/2025\/03\/20250313-designgardinen.png\" alt=\"\"><\/p>\n<p><br \/>\n<\/p>\n","protected":false},"excerpt":{"rendered":"<p>Gardinen &#038; Sonnen&shy;schutz Gardinen! Harmonie in Form und Funktion. Fenster sind die Br\u00fccke zwischen Ihrem Zuhause und Ihrer Umwelt. Spielen Sie mit dem Tageslicht und lassen Sie eine besondere Wohlf\u00fchlatmosph\u00e4re entstehen. Gardinen versch\u00f6nern unsere Fenster&#8230; mal elegant, mal farbig und ausgefallen&#8230; so individuell wie Sie selbst. Wir bieten Ihnen hochwertige Markenprodukte, individuelle L\u00f6sungen und perfektes [&hellip;]<\/p>\n","protected":false},"author":1,"featured_media":0,"parent":212,"menu_order":0,"comment_status":"closed","ping_status":"closed","template":"","meta":{"_acf_changed":false,"footnotes":""},"class_list":["post-318","page","type-page","status-publish","hentry"],"acf":[],"_links":{"self":[{"href":"https:\/\/phillipps.lu\/fr\/wp-json\/wp\/v2\/pages\/318","targetHints":{"allow":["GET"]}}],"collection":[{"href":"https:\/\/phillipps.lu\/fr\/wp-json\/wp\/v2\/pages"}],"about":[{"href":"https:\/\/phillipps.lu\/fr\/wp-json\/wp\/v2\/types\/page"}],"author":[{"embeddable":true,"href":"https:\/\/phillipps.lu\/fr\/wp-json\/wp\/v2\/users\/1"}],"replies":[{"embeddable":true,"href":"https:\/\/phillipps.lu\/fr\/wp-json\/wp\/v2\/comments?post=318"}],"version-history":[{"count":0,"href":"https:\/\/phillipps.lu\/fr\/wp-json\/wp\/v2\/pages\/318\/revisions"}],"up":[{"embeddable":true,"href":"https:\/\/phillipps.lu\/fr\/wp-json\/wp\/v2\/pages\/212"}],"wp:attachment":[{"href":"https:\/\/phillipps.lu\/fr\/wp-json\/wp\/v2\/media?parent=318"}],"curies":[{"name":"wp","href":"https:\/\/api.w.org\/{rel}","templated":true}]}}