{"id":316,"date":"2025-02-20T09:01:54","date_gmt":"2025-02-20T09:01:54","guid":{"rendered":"https:\/\/phillipps-2025.mwd-dev.lu\/?page_id=316"},"modified":"2025-03-21T14:02:41","modified_gmt":"2025-03-21T14:02:41","slug":"moosbilder","status":"publish","type":"page","link":"https:\/\/phillipps.lu\/fr\/leistungen\/interior-design\/moosbilder\/","title":{"rendered":"Images de mousse"},"content":{"rendered":"<h1>Moos&shy;bilder<\/h1>\n<div>\n<p>Eine nachhaltige, zeitlose Inneneinrichtung wird immer mehr zum Trend. <strong>Moos- und Pflanzenbilder<\/strong> bringen nicht nur ein St\u00fcck Natur in Ihre vier W\u00e4nde, sondern schaffen auch eine beruhigende Atmosph\u00e4re. Mit ihren nat\u00fcrlichen Eigenschaften regulieren sie selbstst\u00e4ndig die Luftfeuchtigkeit und absorbieren Schall, wodurch ein harmonisches Raumklima entsteht. Diese einzigartigen Kunstwerke sind nicht nur ein optisches Highlight, sondern auch langlebig, pflegefrei und individuell anpassbar \u2013 perfekt f\u00fcr ein nachhaltiges und stilvolles Zuhause.<\/p>\n<\/div>\n<p><img decoding=\"async\" src=\"\/_res\/uploads\/2025\/03\/20250313-moosbilder-de.png\" alt=\"\"><br \/>\n<img decoding=\"async\" src=\"\/_res\/uploads\/2025\/03\/20250313-moosbilder-2.png\" alt=\"\"><br \/>\n<img decoding=\"async\" src=\"\/_res\/uploads\/2025\/03\/20250313-moosbilder-1.png\" alt=\"\"><\/p>\n<p><br \/>\n<\/p>\n","protected":false},"excerpt":{"rendered":"<p>Moos&shy;bilder Eine nachhaltige, zeitlose Inneneinrichtung wird immer mehr zum Trend. Moos- und Pflanzenbilder bringen nicht nur ein St\u00fcck Natur in Ihre vier W\u00e4nde, sondern schaffen auch eine beruhigende Atmosph\u00e4re. Mit ihren nat\u00fcrlichen Eigenschaften regulieren sie selbstst\u00e4ndig die Luftfeuchtigkeit und absorbieren Schall, wodurch ein harmonisches Raumklima entsteht. Diese einzigartigen Kunstwerke sind nicht nur ein optisches Highlight, [&hellip;]<\/p>\n","protected":false},"author":1,"featured_media":0,"parent":212,"menu_order":0,"comment_status":"closed","ping_status":"closed","template":"","meta":{"_acf_changed":false,"footnotes":""},"class_list":["post-316","page","type-page","status-publish","hentry"],"acf":[],"_links":{"self":[{"href":"https:\/\/phillipps.lu\/fr\/wp-json\/wp\/v2\/pages\/316","targetHints":{"allow":["GET"]}}],"collection":[{"href":"https:\/\/phillipps.lu\/fr\/wp-json\/wp\/v2\/pages"}],"about":[{"href":"https:\/\/phillipps.lu\/fr\/wp-json\/wp\/v2\/types\/page"}],"author":[{"embeddable":true,"href":"https:\/\/phillipps.lu\/fr\/wp-json\/wp\/v2\/users\/1"}],"replies":[{"embeddable":true,"href":"https:\/\/phillipps.lu\/fr\/wp-json\/wp\/v2\/comments?post=316"}],"version-history":[{"count":0,"href":"https:\/\/phillipps.lu\/fr\/wp-json\/wp\/v2\/pages\/316\/revisions"}],"up":[{"embeddable":true,"href":"https:\/\/phillipps.lu\/fr\/wp-json\/wp\/v2\/pages\/212"}],"wp:attachment":[{"href":"https:\/\/phillipps.lu\/fr\/wp-json\/wp\/v2\/media?parent=316"}],"curies":[{"name":"wp","href":"https:\/\/api.w.org\/{rel}","templated":true}]}}