{"id":312,"date":"2025-02-20T08:50:19","date_gmt":"2025-02-20T08:50:19","guid":{"rendered":"https:\/\/phillipps-2025.mwd-dev.lu\/?page_id=312"},"modified":"2025-03-21T13:17:51","modified_gmt":"2025-03-21T13:17:51","slug":"bader","status":"publish","type":"page","link":"https:\/\/phillipps.lu\/fr\/leistungen\/innen\/bader\/","title":{"rendered":"Salle de bain"},"content":{"rendered":"<h2>B\u00e4der<\/h2>\n<h2>\n<p>Ihr Traumbad \u2013 Ihr pers\u00f6nliches Paradies der Entspannung<\/p>\n<\/h2>\n<div>\n<p><strong>Verwandeln Sie Ihr Badezimmer in eine wahre Wohlf\u00fchloase, die Ihnen t\u00e4glich ein Gef\u00fchl von Luxus und Ruhe schenkt! Mit unserer Expertise in Badgestaltung und hochwertigen Sanit\u00e4rl\u00f6sungen schaffen wir f\u00fcr Sie einen Raum, der nicht nur funktional ist, sondern auch Ihre Sinne verzaubert.<\/strong><\/p>\n<\/div>\n<p><img decoding=\"async\" src=\"\/_res\/uploads\/2025\/02\/20250224-baeder-foto1.jpg\" alt=\"\"><br \/>\n<img decoding=\"async\" src=\"\/_res\/uploads\/2025\/03\/20250313-baeder.jpg\" alt=\"\"><\/p>\n<div>\n<p>Stellen Sie sich ein Bad vor, das von harmonischen, fugenlosen Wandbeschichtungen gepr\u00e4gt ist, die den Raum gr\u00f6\u00dfer, klarer und einladender erscheinen lassen. Ohne st\u00f6rende Fugenlinien, die oft unsch\u00f6n mit Kalk oder Schimmel behaftet sind, entfaltet sich die pure Eleganz Ihres Badezimmers. Die einzigartige Verbindung von marokkanischem Kalkputz \u201eTadelak\u201c und hochwertigen Naturharzen schafft eine luxuri\u00f6se Oberfl\u00e4che, die nicht nur \u00e4sthetisch beeindruckt, sondern auch au\u00dfergew\u00f6hnlich pflegeleicht ist.<\/p>\n<p><strong>Lassen Sie sich von uns inspirieren und erleben Sie, wie Ihr Badezimmer zu einer Quelle der Entspannung und Freude wird \u2013 ein Ort, an dem Sie einfach die Seele baumeln lassen k\u00f6nnen.<\/strong><\/p>\n<\/div>\n<p><img decoding=\"async\" src=\"\/_res\/uploads\/2025\/02\/20250224-baeder-foto2.jpg\" alt=\"\"><\/p>\n<p><br \/>\n<\/p>\n","protected":false},"excerpt":{"rendered":"<p>B\u00e4der Ihr Traumbad \u2013 Ihr pers\u00f6nliches Paradies der Entspannung Verwandeln Sie Ihr Badezimmer in eine wahre Wohlf\u00fchloase, die Ihnen t\u00e4glich ein Gef\u00fchl von Luxus und Ruhe schenkt! Mit unserer Expertise in Badgestaltung und hochwertigen Sanit\u00e4rl\u00f6sungen schaffen wir f\u00fcr Sie einen Raum, der nicht nur funktional ist, sondern auch Ihre Sinne verzaubert. Stellen Sie sich ein [&hellip;]<\/p>\n","protected":false},"author":1,"featured_media":0,"parent":210,"menu_order":1000,"comment_status":"closed","ping_status":"closed","template":"","meta":{"_acf_changed":false,"footnotes":""},"class_list":["post-312","page","type-page","status-publish","hentry"],"acf":[],"_links":{"self":[{"href":"https:\/\/phillipps.lu\/fr\/wp-json\/wp\/v2\/pages\/312","targetHints":{"allow":["GET"]}}],"collection":[{"href":"https:\/\/phillipps.lu\/fr\/wp-json\/wp\/v2\/pages"}],"about":[{"href":"https:\/\/phillipps.lu\/fr\/wp-json\/wp\/v2\/types\/page"}],"author":[{"embeddable":true,"href":"https:\/\/phillipps.lu\/fr\/wp-json\/wp\/v2\/users\/1"}],"replies":[{"embeddable":true,"href":"https:\/\/phillipps.lu\/fr\/wp-json\/wp\/v2\/comments?post=312"}],"version-history":[{"count":0,"href":"https:\/\/phillipps.lu\/fr\/wp-json\/wp\/v2\/pages\/312\/revisions"}],"up":[{"embeddable":true,"href":"https:\/\/phillipps.lu\/fr\/wp-json\/wp\/v2\/pages\/210"}],"wp:attachment":[{"href":"https:\/\/phillipps.lu\/fr\/wp-json\/wp\/v2\/media?parent=312"}],"curies":[{"name":"wp","href":"https:\/\/api.w.org\/{rel}","templated":true}]}}