{"id":308,"date":"2025-02-20T08:15:50","date_gmt":"2025-02-20T08:15:50","guid":{"rendered":"https:\/\/phillipps-2025.mwd-dev.lu\/?page_id=308"},"modified":"2025-03-21T10:39:01","modified_gmt":"2025-03-21T10:39:01","slug":"maler-und-verputz","status":"publish","type":"page","link":"https:\/\/phillipps.lu\/fr\/leistungen\/innen\/maler-und-verputz\/","title":{"rendered":"Peintre et Pl\u00e2trier"},"content":{"rendered":"<h2>Maler und Verputz<\/h2>\n<h2>Bei uns finden Sie neue Anregungen und Ideen f\u00fcr die Gestaltung Ihrer Innenr\u00e4ume.<\/h2>\n<div>\n<p>Ob K\u00fcche, Wohn- oder Schlafraum, Bad, Hobbyraum oder B\u00fcro: Wir entwickeln f\u00fcr Sie individuelle L\u00f6sungen zur Wand- und Decken\u00adgestaltung. Je nach Objektanforderung \u2013 hohe Widerstands\u00adf\u00e4higkeit, leichte Pflege, kommen die geeigneten Materialien zum Einsatz. Repr\u00e4sen\u00adtative Atmosph\u00e4re durch au\u00dfer\u00adgew\u00f6hnliche Optik.<\/p>\n<\/div>\n<p><img decoding=\"async\" src=\"\/_res\/uploads\/2025\/02\/20250224-maler-3.png\" alt=\"\"><\/p>\n<div>\n<div><strong>Wir verleihen Ihren R\u00e4umen Charakter \u2013 mit stilvollen Wand- und Deckengestaltungen, hochwertigen Maler- und Lackierarbeiten sowie kreativen Putz- und Tapeziertechniken. Akustiksysteme optimieren den Schall und setzen \u00e4sthetische Akzente. Mit modernen Trockenbaul\u00f6sungen gestalten wir flexible, stilvolle Raumkonzepte. Lassen Sie sich inspirieren und verwandeln Sie Ihr Zuhause!<\/strong><\/div>\n<\/div>\n<p><img decoding=\"async\" src=\"\/_res\/uploads\/2025\/03\/20250312-innenputz-de.png\" alt=\"\"><\/p>\n<p><br \/>\n<\/p>\n","protected":false},"excerpt":{"rendered":"<p>Maler und Verputz Bei uns finden Sie neue Anregungen und Ideen f\u00fcr die Gestaltung Ihrer Innenr\u00e4ume. Ob K\u00fcche, Wohn- oder Schlafraum, Bad, Hobbyraum oder B\u00fcro: Wir entwickeln f\u00fcr Sie individuelle L\u00f6sungen zur Wand- und Decken\u00adgestaltung. Je nach Objektanforderung \u2013 hohe Widerstands\u00adf\u00e4higkeit, leichte Pflege, kommen die geeigneten Materialien zum Einsatz. Repr\u00e4sen\u00adtative Atmosph\u00e4re durch au\u00dfer\u00adgew\u00f6hnliche Optik. Wir [&hellip;]<\/p>\n","protected":false},"author":1,"featured_media":0,"parent":210,"menu_order":100,"comment_status":"closed","ping_status":"closed","template":"","meta":{"_acf_changed":false,"footnotes":""},"class_list":["post-308","page","type-page","status-publish","hentry"],"acf":[],"_links":{"self":[{"href":"https:\/\/phillipps.lu\/fr\/wp-json\/wp\/v2\/pages\/308","targetHints":{"allow":["GET"]}}],"collection":[{"href":"https:\/\/phillipps.lu\/fr\/wp-json\/wp\/v2\/pages"}],"about":[{"href":"https:\/\/phillipps.lu\/fr\/wp-json\/wp\/v2\/types\/page"}],"author":[{"embeddable":true,"href":"https:\/\/phillipps.lu\/fr\/wp-json\/wp\/v2\/users\/1"}],"replies":[{"embeddable":true,"href":"https:\/\/phillipps.lu\/fr\/wp-json\/wp\/v2\/comments?post=308"}],"version-history":[{"count":0,"href":"https:\/\/phillipps.lu\/fr\/wp-json\/wp\/v2\/pages\/308\/revisions"}],"up":[{"embeddable":true,"href":"https:\/\/phillipps.lu\/fr\/wp-json\/wp\/v2\/pages\/210"}],"wp:attachment":[{"href":"https:\/\/phillipps.lu\/fr\/wp-json\/wp\/v2\/media?parent=308"}],"curies":[{"name":"wp","href":"https:\/\/api.w.org\/{rel}","templated":true}]}}