{"id":674,"date":"2025-04-03T09:02:45","date_gmt":"2025-04-03T09:02:45","guid":{"rendered":"https:\/\/phillipps.lu\/?page_id=674"},"modified":"2025-04-03T09:05:26","modified_gmt":"2025-04-03T09:05:26","slug":"dachdecker","status":"publish","type":"page","link":"https:\/\/phillipps.lu\/en\/dachdecker\/","title":{"rendered":"Dachdecker"},"content":{"rendered":"<h1>Dachdecker (m\/w\/d)<\/h1>\n<div>\n<h3>Ihre Aufgaben<\/h3>\n<ul>\n<li><strong>Dachdeckerarbeiten:<\/strong> Ausf\u00fchrung von Arbeiten an Flachd\u00e4chern und Steild\u00e4chern, inkl. Dacheindeckung und -abdichtung<\/li>\n<li><strong>Spenglerarbeiten:<\/strong> Durchf\u00fchrung von Blechverkleidungen, Dachrinnenmontage und anderen Spenglerarbeiten<\/li>\n<li><strong>Balkonabdichtung:<\/strong> Fachgerechte Systemverlegung von Balkonabdichtungen<\/li>\n<li><strong>Photovoltaik:<\/strong> Installation von Photovoltaikanlagen auf D\u00e4chern<\/li>\n<li><strong>Dachfenster:<\/strong> Einbau und Montage von Dachfenstern und -gauben<\/li>\n<li><strong>Reparaturarbeiten:<\/strong> Fehlerdiagnose und Durchf\u00fchrung von Reparaturen an bestehenden Dachkonstruktionen<\/li>\n<li>Eigenst\u00e4ndige und pr\u00e4zise Ausf\u00fchrung der Arbeiten auf Baustellen im Privatkundenbereich<\/li>\n<\/ul>\n<h3>Ihr Profil<\/h3>\n<ul>\n<li><span>Abgeschlossene Ausbildung zum Dachdeckergesellen oder Spengler-Klempnergesellen<\/span><\/li>\n<li><span>Erfahrung in den Bereichen Flachdach, Steildach, Spenglerarbeiten und Balkonabdichtung<\/span><\/li>\n<li><span>Fachkenntnisse in der Installation von Photovoltaikanlagen und Dachfenstern sind von Vorteil<\/span><\/li>\n<li><span>F\u00e4higkeit, eigenst\u00e4ndig und verantwortungsbewusst zu arbeiten<\/span><\/li>\n<li><span>Zuverl\u00e4ssigkeit und sorgf\u00e4ltige Arbeitsweise<\/span><\/li>\n<li><span>Teamf\u00e4higkeit und gutes Kommunikationsverm\u00f6gen<\/span><\/li>\n<li><span>F\u00fchrerschein der Klasse B (von Vorteil)<\/span><\/li>\n<\/ul>\n<h3>ALLGEMEIN<\/h3>\n<p>Wir bieten einen Dauerarbeitsplatz mit attraktivem Gehalt. Neben einer fundierten Einarbeitung erwarten Euch interessante Projekte und 130 qualifizierte und motivierte Kollegen.<\/p>\n<p><strong>Bewerbung bitte per Post oder E-Mail<\/strong><br \/>T. <a href=\"tel:00352691234728\">+352 691 234 728<\/a><br \/>E. <a href=\"mailto:byvire.xbagre@cuvyyvccf.yh\">byvire.xbagre@cuvyyvccf.yh<\/a><br \/>32, Z.A.E. Le Triange Vert<br \/>L-5691 ELLANGE<\/p>\n<p><strong>Wir freuen uns auf Euch!<\/strong><\/p>\n<\/div>\n<p><br \/>\n<\/p>\n","protected":false},"excerpt":{"rendered":"<p>Dachdecker (m\/w\/d) Ihre Aufgaben Dachdeckerarbeiten: Ausf\u00fchrung von Arbeiten an Flachd\u00e4chern und Steild\u00e4chern, inkl. Dacheindeckung und -abdichtung Spenglerarbeiten: Durchf\u00fchrung von Blechverkleidungen, Dachrinnenmontage und anderen Spenglerarbeiten Balkonabdichtung: Fachgerechte Systemverlegung von Balkonabdichtungen Photovoltaik: Installation von Photovoltaikanlagen auf D\u00e4chern Dachfenster: Einbau und Montage von Dachfenstern und -gauben Reparaturarbeiten: Fehlerdiagnose und Durchf\u00fchrung von Reparaturen an bestehenden Dachkonstruktionen Eigenst\u00e4ndige und pr\u00e4zise [&hellip;]<\/p>\n","protected":false},"author":1,"featured_media":0,"parent":0,"menu_order":0,"comment_status":"closed","ping_status":"closed","template":"","meta":{"_acf_changed":false,"footnotes":""},"class_list":["post-674","page","type-page","status-publish","hentry"],"acf":[],"_links":{"self":[{"href":"https:\/\/phillipps.lu\/en\/wp-json\/wp\/v2\/pages\/674","targetHints":{"allow":["GET"]}}],"collection":[{"href":"https:\/\/phillipps.lu\/en\/wp-json\/wp\/v2\/pages"}],"about":[{"href":"https:\/\/phillipps.lu\/en\/wp-json\/wp\/v2\/types\/page"}],"author":[{"embeddable":true,"href":"https:\/\/phillipps.lu\/en\/wp-json\/wp\/v2\/users\/1"}],"replies":[{"embeddable":true,"href":"https:\/\/phillipps.lu\/en\/wp-json\/wp\/v2\/comments?post=674"}],"version-history":[{"count":0,"href":"https:\/\/phillipps.lu\/en\/wp-json\/wp\/v2\/pages\/674\/revisions"}],"wp:attachment":[{"href":"https:\/\/phillipps.lu\/en\/wp-json\/wp\/v2\/media?parent=674"}],"curies":[{"name":"wp","href":"https:\/\/api.w.org\/{rel}","templated":true}]}}