{"id":672,"date":"2025-04-03T09:02:06","date_gmt":"2025-04-03T09:02:06","guid":{"rendered":"https:\/\/phillipps.lu\/?page_id=672"},"modified":"2025-04-03T09:06:06","modified_gmt":"2025-04-03T09:06:06","slug":"buchhalter","status":"publish","type":"page","link":"https:\/\/phillipps.lu\/en\/buchhalter\/","title":{"rendered":"Buchhalter"},"content":{"rendered":"<h1>BUCHHALTER (m\/w\/d)<\/h1>\n<div>\n<h3>\u00dcber uns<\/h3>\n<p>Phillipps Home Specialist ist ein etabliertes Unternehmen, das hochwertige Dienstleistungen im Bereich Renovierung und Hausbau anbietet. Um unser Team zu verst\u00e4rken, suchen wir einen engagierten Buchhalter, der mit Pr\u00e4zision und Verantwortungsbewusstsein die finanziellen Aufgaben \u00fcbernimmt. <br \/>Wenn Sie ein Organisationstalent mit Leidenschaft f\u00fcr Zahlen sind, freuen wir uns auf Ihre Bewerbung!<\/p>\n<h3>Ihre Aufgaben<\/h3>\n<ul style=\"font-weight: 400;\">\n<li><span>Bearbeitung der Finanzbuchhaltung, einschlie\u00dflich der Erstellung von Monatsabschl\u00fcssen<\/span><\/li>\n<li><span>Verwaltung der Debitoren- und Kreditorenbuchhaltung<\/span><\/li>\n<li><span>Pr\u00fcfung, Kontierung und Buchung von Rechnungen und Belegen<\/span><\/li>\n<li><span>\u00dcberwachung und Kontrolle von Zahlungsein- und -ausg\u00e4ngen<\/span><\/li>\n<li><span>Durchf\u00fchrung von Bankabstimmungen und \u00dcberwachung von Zahlungsstr\u00f6men<\/span><\/li>\n<li><span>Unterst\u00fctzung bei der Vorbereitung der j\u00e4hrlichen Steuererkl\u00e4rungen und der Bilanzierung<\/span><\/li>\n<\/ul>\n<h3>Ihr Profil<\/h3>\n<ul style=\"font-weight: 400;\">\n<li><span>Abgeschlossene Ausbildung im Bereich Buchhaltung oder eine vergleichbare Qualifikation<\/span><\/li>\n<li><span>Fundierte Kenntnisse und Erfahrung in der Buchhaltung<\/span><\/li>\n<li><strong><span>Franz\u00f6sische Sprachkenntnisse <\/span><\/strong>in Wort und Schrift sind von gro\u00dfem Vorteil<\/li>\n<li><span>Selbstst\u00e4ndige, strukturierte und l\u00f6sungsorientierte Arbeitsweise<\/span><\/li>\n<li><span>Hohe Zuverl\u00e4ssigkeit und Zahlenaffinit\u00e4t<\/span><\/li>\n<li><span>Teamf\u00e4higkeit und gute Kommunikationsf\u00e4higkeit<\/span><\/li>\n<\/ul>\n<h3>ALLGEMEIN<\/h3>\n<p>Wir bieten einen Dauerarbeitsplatz mit attraktivem Gehalt. Neben einer fundierten Einarbeitung erwarten Euch interessante Projekte und 130 qualifizierte und motivierte Kollegen.<\/p>\n<p><strong>Bewerbung bitte per Post oder E-Mail<\/strong><br \/>T. <a href=\"tell:00352691234728\">+352 691 234 728<\/a><br \/>E. <a href=\"mailto:byvire.xbagre@cuvyyvccf.yh\">byvire.xbagre@cuvyyvccf.yh<\/a><br \/>32, Z.A.E. Le Triange Vert<br \/>L-5691 ELLANGE<\/p>\n<p><strong>Wir freuen uns auf Euch!<\/strong><\/p>\n<\/div>\n<p><br \/>\n<\/p>\n","protected":false},"excerpt":{"rendered":"<p>BUCHHALTER (m\/w\/d) \u00dcber uns Phillipps Home Specialist ist ein etabliertes Unternehmen, das hochwertige Dienstleistungen im Bereich Renovierung und Hausbau anbietet. Um unser Team zu verst\u00e4rken, suchen wir einen engagierten Buchhalter, der mit Pr\u00e4zision und Verantwortungsbewusstsein die finanziellen Aufgaben \u00fcbernimmt. Wenn Sie ein Organisationstalent mit Leidenschaft f\u00fcr Zahlen sind, freuen wir uns auf Ihre Bewerbung! Ihre [&hellip;]<\/p>\n","protected":false},"author":1,"featured_media":0,"parent":0,"menu_order":0,"comment_status":"closed","ping_status":"closed","template":"","meta":{"_acf_changed":false,"footnotes":""},"class_list":["post-672","page","type-page","status-publish","hentry"],"acf":[],"_links":{"self":[{"href":"https:\/\/phillipps.lu\/en\/wp-json\/wp\/v2\/pages\/672","targetHints":{"allow":["GET"]}}],"collection":[{"href":"https:\/\/phillipps.lu\/en\/wp-json\/wp\/v2\/pages"}],"about":[{"href":"https:\/\/phillipps.lu\/en\/wp-json\/wp\/v2\/types\/page"}],"author":[{"embeddable":true,"href":"https:\/\/phillipps.lu\/en\/wp-json\/wp\/v2\/users\/1"}],"replies":[{"embeddable":true,"href":"https:\/\/phillipps.lu\/en\/wp-json\/wp\/v2\/comments?post=672"}],"version-history":[{"count":0,"href":"https:\/\/phillipps.lu\/en\/wp-json\/wp\/v2\/pages\/672\/revisions"}],"wp:attachment":[{"href":"https:\/\/phillipps.lu\/en\/wp-json\/wp\/v2\/media?parent=672"}],"curies":[{"name":"wp","href":"https:\/\/api.w.org\/{rel}","templated":true}]}}