{"id":375,"date":"2025-02-20T14:21:32","date_gmt":"2025-02-20T14:21:32","guid":{"rendered":"https:\/\/phillipps-2025.mwd-dev.lu\/?page_id=375"},"modified":"2025-03-21T08:12:54","modified_gmt":"2025-03-21T08:12:54","slug":"ausenanlage-2","status":"publish","type":"page","link":"https:\/\/phillipps.lu\/en\/leistungen\/aussen\/ausenanlage-2\/","title":{"rendered":"Outdoor facilities"},"content":{"rendered":"<h2>Au\u00dfenanlage<\/h2>\n<h2><span>Kreative Gartengestaltung f\u00fcr ihre Wohlf\u00fchloase!<\/span><\/h2>\n<div>\n<p>Sobald es warm wird, verlagert sich das Leben ins Freie. Bei der Gartengestaltung liegen die Priorit\u00e4ten ganz unterschiedlich. Egal ob der Traum von der eigenen Teichanlage realisiert werden soll oder der Wohlf\u00fchlfaktor durch optimale Aufteilung und Bepflanzung gesteigert werden soll.<\/p>\n<p><strong>Phillipps home specialist<\/strong> plant, realisiert und pflegt Ihre G\u00e4rten \u2013 ganz individuell und ganzj\u00e4hrig.<\/p>\n<\/div>\n<p><img decoding=\"async\" src=\"\/_res\/uploads\/2025\/03\/20250313-aussenanlage-de.png\" alt=\"\"><br \/>\n<img decoding=\"async\" src=\"\/_res\/uploads\/2025\/03\/20250313-aussenanlage.jpg\" alt=\"\"><\/p>\n<p><br \/>\n<\/p>\n","protected":false},"excerpt":{"rendered":"<p>Au\u00dfenanlage Kreative Gartengestaltung f\u00fcr ihre Wohlf\u00fchloase! Sobald es warm wird, verlagert sich das Leben ins Freie. Bei der Gartengestaltung liegen die Priorit\u00e4ten ganz unterschiedlich. Egal ob der Traum von der eigenen Teichanlage realisiert werden soll oder der Wohlf\u00fchlfaktor durch optimale Aufteilung und Bepflanzung gesteigert werden soll. Phillipps home specialist plant, realisiert und pflegt Ihre G\u00e4rten [&hellip;]<\/p>\n","protected":false},"author":1,"featured_media":0,"parent":211,"menu_order":400,"comment_status":"closed","ping_status":"closed","template":"","meta":{"_acf_changed":false,"footnotes":""},"class_list":["post-375","page","type-page","status-publish","hentry"],"acf":[],"_links":{"self":[{"href":"https:\/\/phillipps.lu\/en\/wp-json\/wp\/v2\/pages\/375","targetHints":{"allow":["GET"]}}],"collection":[{"href":"https:\/\/phillipps.lu\/en\/wp-json\/wp\/v2\/pages"}],"about":[{"href":"https:\/\/phillipps.lu\/en\/wp-json\/wp\/v2\/types\/page"}],"author":[{"embeddable":true,"href":"https:\/\/phillipps.lu\/en\/wp-json\/wp\/v2\/users\/1"}],"replies":[{"embeddable":true,"href":"https:\/\/phillipps.lu\/en\/wp-json\/wp\/v2\/comments?post=375"}],"version-history":[{"count":0,"href":"https:\/\/phillipps.lu\/en\/wp-json\/wp\/v2\/pages\/375\/revisions"}],"up":[{"embeddable":true,"href":"https:\/\/phillipps.lu\/en\/wp-json\/wp\/v2\/pages\/211"}],"wp:attachment":[{"href":"https:\/\/phillipps.lu\/en\/wp-json\/wp\/v2\/media?parent=375"}],"curies":[{"name":"wp","href":"https:\/\/api.w.org\/{rel}","templated":true}]}}