{"id":320,"date":"2025-02-20T09:04:37","date_gmt":"2025-02-20T09:04:37","guid":{"rendered":"https:\/\/phillipps-2025.mwd-dev.lu\/?page_id=320"},"modified":"2025-03-21T14:25:27","modified_gmt":"2025-03-21T14:25:27","slug":"renovierung-sanierung","status":"publish","type":"page","link":"https:\/\/phillipps.lu\/en\/leistungen\/renovierungen\/renovierung-sanierung\/","title":{"rendered":"Renovation and Refurbishment"},"content":{"rendered":"<div>\n<p><strong>Renovierung mit Philipps<\/strong> bedeutet dabei nicht nur eine professionelle Planung, sondern auch einen Service, der weit \u00fcber den Standard hinausgeht. Auf Wunsch erledigen wir f\u00fcr Sie das Aus- und Einr\u00e4umen der Schr\u00e4nke, den Ab- und Aufbau Ihrer M\u00f6bel, reinigen Ihre Fenster, Vorh\u00e4nge und Teppiche und k\u00fcmmern uns um viele weitere Details, die Ihre Renovierung zum stressfreien Erlebnis machen. Gerne dekorieren wir auch Ihre R\u00e4umlichkeiten und stehen Ihnen mit unserer Farb- und Stilberatung zur Seite \u2013 f\u00fcr ein Zuhause, das nicht nur renoviert, sondern vollkommen neu erstrahlt. Vertrauen Sie auf unsere Erfahrung und lassen Sie Ihr Zuhause in neuem Glanz erstrahlen.<\/p>\n<\/div>\n<p><img decoding=\"async\" src=\"\/_res\/uploads\/2025\/03\/20250313-renovierung3.png\" alt=\"\"><br \/>\n<img decoding=\"async\" src=\"\/_res\/uploads\/2025\/03\/20250313-renovierung-2.png\" alt=\"\"><br \/>\n<img decoding=\"async\" src=\"\/_res\/uploads\/2025\/03\/20250313-renovierung-1.png\" alt=\"\"><\/p>\n<p><br \/>\n<\/p>\n","protected":false},"excerpt":{"rendered":"<p>Renovierung mit Philipps bedeutet dabei nicht nur eine professionelle Planung, sondern auch einen Service, der weit \u00fcber den Standard hinausgeht. Auf Wunsch erledigen wir f\u00fcr Sie das Aus- und Einr\u00e4umen der Schr\u00e4nke, den Ab- und Aufbau Ihrer M\u00f6bel, reinigen Ihre Fenster, Vorh\u00e4nge und Teppiche und k\u00fcmmern uns um viele weitere Details, die Ihre Renovierung zum [&hellip;]<\/p>\n","protected":false},"author":1,"featured_media":0,"parent":213,"menu_order":0,"comment_status":"closed","ping_status":"closed","template":"","meta":{"_acf_changed":false,"footnotes":""},"class_list":["post-320","page","type-page","status-publish","hentry"],"acf":[],"_links":{"self":[{"href":"https:\/\/phillipps.lu\/en\/wp-json\/wp\/v2\/pages\/320","targetHints":{"allow":["GET"]}}],"collection":[{"href":"https:\/\/phillipps.lu\/en\/wp-json\/wp\/v2\/pages"}],"about":[{"href":"https:\/\/phillipps.lu\/en\/wp-json\/wp\/v2\/types\/page"}],"author":[{"embeddable":true,"href":"https:\/\/phillipps.lu\/en\/wp-json\/wp\/v2\/users\/1"}],"replies":[{"embeddable":true,"href":"https:\/\/phillipps.lu\/en\/wp-json\/wp\/v2\/comments?post=320"}],"version-history":[{"count":0,"href":"https:\/\/phillipps.lu\/en\/wp-json\/wp\/v2\/pages\/320\/revisions"}],"up":[{"embeddable":true,"href":"https:\/\/phillipps.lu\/en\/wp-json\/wp\/v2\/pages\/213"}],"wp:attachment":[{"href":"https:\/\/phillipps.lu\/en\/wp-json\/wp\/v2\/media?parent=320"}],"curies":[{"name":"wp","href":"https:\/\/api.w.org\/{rel}","templated":true}]}}