{"id":319,"date":"2025-02-20T09:03:47","date_gmt":"2025-02-20T09:03:47","guid":{"rendered":"https:\/\/phillipps-2025.mwd-dev.lu\/?page_id=319"},"modified":"2025-03-21T13:37:48","modified_gmt":"2025-03-21T13:37:48","slug":"raumkonzepte","status":"publish","type":"page","link":"https:\/\/phillipps.lu\/en\/leistungen\/interior-design\/raumkonzepte\/","title":{"rendered":"Room conceps"},"content":{"rendered":"<p><img decoding=\"async\" src=\"\/_res\/uploads\/2025\/03\/20250317-raumkonzepte-de.png\" alt=\"\"><br \/>\n<img decoding=\"async\" src=\"\/_res\/uploads\/2025\/03\/20250317-raumkonzepte.png\" alt=\"\"><\/p>\n<h2><span lang=\"DE\">Raumkonzepte<\/span><\/h2>\n<div>\n<p><span lang=\"DE\"><strong>R\u00e4ume schaffen Atmosph\u00e4re: Farben, Materialien, Licht und M\u00f6blierung pr\u00e4gen Stimmungen und Wohlbefinden. Jeder Raum ist einzigartig \u2013 wie die Menschen, die ihn nutzen.<\/strong><o:p><\/o:p><\/span><\/p>\n<p><span lang=\"DE\">Phillips Home Specialist schafft f\u00fcr Sie eine individuell abgestimmte Atmosph\u00e4re &#8211; Haptik, Blickachsen und Nutzungsverhalten spielen eine entscheidende Rolle. Ist der Raum gut geplant, sind M\u00f6bel und Dekoration nur noch das i-T\u00fcpfelchen.<o:p><\/o:p><\/span><\/p>\n<p><span lang=\"DE\">Lassen Sie uns gemeinsam Ihr Zuhause in eine pers\u00f6nliche Wohlf\u00fchloase verwandeln!<\/span><\/p>\n<\/div>\n<p><br \/>\n<\/p>\n","protected":false},"excerpt":{"rendered":"<p>Raumkonzepte R\u00e4ume schaffen Atmosph\u00e4re: Farben, Materialien, Licht und M\u00f6blierung pr\u00e4gen Stimmungen und Wohlbefinden. Jeder Raum ist einzigartig \u2013 wie die Menschen, die ihn nutzen. Phillips Home Specialist schafft f\u00fcr Sie eine individuell abgestimmte Atmosph\u00e4re &#8211; Haptik, Blickachsen und Nutzungsverhalten spielen eine entscheidende Rolle. Ist der Raum gut geplant, sind M\u00f6bel und Dekoration nur noch das [&hellip;]<\/p>\n","protected":false},"author":1,"featured_media":0,"parent":212,"menu_order":0,"comment_status":"closed","ping_status":"closed","template":"","meta":{"_acf_changed":false,"footnotes":""},"class_list":["post-319","page","type-page","status-publish","hentry"],"acf":[],"_links":{"self":[{"href":"https:\/\/phillipps.lu\/en\/wp-json\/wp\/v2\/pages\/319","targetHints":{"allow":["GET"]}}],"collection":[{"href":"https:\/\/phillipps.lu\/en\/wp-json\/wp\/v2\/pages"}],"about":[{"href":"https:\/\/phillipps.lu\/en\/wp-json\/wp\/v2\/types\/page"}],"author":[{"embeddable":true,"href":"https:\/\/phillipps.lu\/en\/wp-json\/wp\/v2\/users\/1"}],"replies":[{"embeddable":true,"href":"https:\/\/phillipps.lu\/en\/wp-json\/wp\/v2\/comments?post=319"}],"version-history":[{"count":0,"href":"https:\/\/phillipps.lu\/en\/wp-json\/wp\/v2\/pages\/319\/revisions"}],"up":[{"embeddable":true,"href":"https:\/\/phillipps.lu\/en\/wp-json\/wp\/v2\/pages\/212"}],"wp:attachment":[{"href":"https:\/\/phillipps.lu\/en\/wp-json\/wp\/v2\/media?parent=319"}],"curies":[{"name":"wp","href":"https:\/\/api.w.org\/{rel}","templated":true}]}}