{"id":317,"date":"2025-02-20T09:02:26","date_gmt":"2025-02-20T09:02:26","guid":{"rendered":"https:\/\/phillipps-2025.mwd-dev.lu\/?page_id=317"},"modified":"2025-03-21T13:55:51","modified_gmt":"2025-03-21T13:55:51","slug":"designmobel","status":"publish","type":"page","link":"https:\/\/phillipps.lu\/en\/leistungen\/interior-design\/designmobel\/","title":{"rendered":"Design furniture"},"content":{"rendered":"<p><img decoding=\"async\" src=\"\/_res\/uploads\/2025\/03\/20250313-designmoebel-4.png\" alt=\"\"><\/p>\n<h1>Design&shy;m\u00f6bel<\/h1>\n<div>\n<p>Mit den exklusiven Designm\u00f6beln der <strong>Bielefelder Werkst\u00e4tten<\/strong> setzen wir als <strong>Philipps Home Specialist<\/strong> ein echtes Statement f\u00fcr Ihr Zuhause. Jedes M\u00f6belst\u00fcck ist nicht nur ein funktionales Element, sondern ein Meisterwerk aus Handwerkskunst, Leidenschaft und Pr\u00e4zision. Die feine Verarbeitung und das zeitlose Design spiegeln h\u00f6chste Qualit\u00e4t wider und f\u00fcgen sich perfekt in Ihr individuelles Wohnkonzept ein. Lassen Sie sich von der Sch\u00f6nheit und der Emotion, die jedes M\u00f6belst\u00fcck ausstrahlt, verzaubern \u2013 f\u00fcr ein Zuhause, das sowohl stilvoll als auch einzigartig ist.<\/p>\n<\/div>\n<p><img decoding=\"async\" src=\"\/_res\/uploads\/2025\/03\/20250313-designmoebel-text-de.png\" alt=\"\"><br \/>\n<img decoding=\"async\" src=\"\/_res\/uploads\/2025\/03\/20250313-designmoebel-de.png\" alt=\"\"><\/p>\n<p><br \/>\n<\/p>\n","protected":false},"excerpt":{"rendered":"<p>Design&shy;m\u00f6bel Mit den exklusiven Designm\u00f6beln der Bielefelder Werkst\u00e4tten setzen wir als Philipps Home Specialist ein echtes Statement f\u00fcr Ihr Zuhause. Jedes M\u00f6belst\u00fcck ist nicht nur ein funktionales Element, sondern ein Meisterwerk aus Handwerkskunst, Leidenschaft und Pr\u00e4zision. Die feine Verarbeitung und das zeitlose Design spiegeln h\u00f6chste Qualit\u00e4t wider und f\u00fcgen sich perfekt in Ihr individuelles Wohnkonzept [&hellip;]<\/p>\n","protected":false},"author":1,"featured_media":0,"parent":212,"menu_order":0,"comment_status":"closed","ping_status":"closed","template":"","meta":{"_acf_changed":false,"footnotes":""},"class_list":["post-317","page","type-page","status-publish","hentry"],"acf":[],"_links":{"self":[{"href":"https:\/\/phillipps.lu\/en\/wp-json\/wp\/v2\/pages\/317","targetHints":{"allow":["GET"]}}],"collection":[{"href":"https:\/\/phillipps.lu\/en\/wp-json\/wp\/v2\/pages"}],"about":[{"href":"https:\/\/phillipps.lu\/en\/wp-json\/wp\/v2\/types\/page"}],"author":[{"embeddable":true,"href":"https:\/\/phillipps.lu\/en\/wp-json\/wp\/v2\/users\/1"}],"replies":[{"embeddable":true,"href":"https:\/\/phillipps.lu\/en\/wp-json\/wp\/v2\/comments?post=317"}],"version-history":[{"count":0,"href":"https:\/\/phillipps.lu\/en\/wp-json\/wp\/v2\/pages\/317\/revisions"}],"up":[{"embeddable":true,"href":"https:\/\/phillipps.lu\/en\/wp-json\/wp\/v2\/pages\/212"}],"wp:attachment":[{"href":"https:\/\/phillipps.lu\/en\/wp-json\/wp\/v2\/media?parent=317"}],"curies":[{"name":"wp","href":"https:\/\/api.w.org\/{rel}","templated":true}]}}