{"id":314,"date":"2025-02-20T08:56:36","date_gmt":"2025-02-20T08:56:36","guid":{"rendered":"https:\/\/phillipps-2025.mwd-dev.lu\/?page_id=314"},"modified":"2025-03-21T08:05:15","modified_gmt":"2025-03-21T08:05:15","slug":"fenster-turen-tore","status":"publish","type":"page","link":"https:\/\/phillipps.lu\/en\/leistungen\/aussen\/fenster-turen-tore\/","title":{"rendered":"Windows, Doors &#038; Gates"},"content":{"rendered":"<h2>Fenster, T\u00fcren &amp; Tore<\/h2>\n<div>\n<p>Mit <strong>Philipps Home Specialist<\/strong> wird Ihr Zuhause zu einem Ort voller W\u00e4rme und Geborgenheit. Unsere Fenster, T\u00fcren und Tore bieten nicht nur Sicherheit und Komfort, sondern bringen auch mehr Licht und Leben in Ihre R\u00e4ume. Erleben Sie, wie elegantes Design und h\u00f6chste Funktionalit\u00e4t harmonisch zusammenkommen, um Ihr Zuhause zu einem echten R\u00fcckzugsort zu machen. Vertrauen Sie auf Qualit\u00e4t, die Ihr Heim f\u00fcr viele Jahre versch\u00f6nert und sch\u00fctzt.<\/p>\n<\/div>\n<p><img decoding=\"async\" src=\"\/_res\/uploads\/2025\/03\/20250313-fenster-tueren-und-tore-text-de.png\" alt=\"\"><br \/>\n<img decoding=\"async\" src=\"\/_res\/uploads\/2025\/03\/20250313-fenster-tueren-und-tore.png\" alt=\"\"><br \/>\n<img decoding=\"async\" src=\"\/_res\/uploads\/2025\/03\/20250313-fenster-tueren-und-tore-v01.jpg\" alt=\"\"><\/p>\n<p><br \/>\n<\/p>\n","protected":false},"excerpt":{"rendered":"<p>Fenster, T\u00fcren &amp; Tore Mit Philipps Home Specialist wird Ihr Zuhause zu einem Ort voller W\u00e4rme und Geborgenheit. Unsere Fenster, T\u00fcren und Tore bieten nicht nur Sicherheit und Komfort, sondern bringen auch mehr Licht und Leben in Ihre R\u00e4ume. Erleben Sie, wie elegantes Design und h\u00f6chste Funktionalit\u00e4t harmonisch zusammenkommen, um Ihr Zuhause zu einem echten [&hellip;]<\/p>\n","protected":false},"author":1,"featured_media":0,"parent":211,"menu_order":300,"comment_status":"closed","ping_status":"closed","template":"","meta":{"_acf_changed":false,"footnotes":""},"class_list":["post-314","page","type-page","status-publish","hentry"],"acf":[],"_links":{"self":[{"href":"https:\/\/phillipps.lu\/en\/wp-json\/wp\/v2\/pages\/314","targetHints":{"allow":["GET"]}}],"collection":[{"href":"https:\/\/phillipps.lu\/en\/wp-json\/wp\/v2\/pages"}],"about":[{"href":"https:\/\/phillipps.lu\/en\/wp-json\/wp\/v2\/types\/page"}],"author":[{"embeddable":true,"href":"https:\/\/phillipps.lu\/en\/wp-json\/wp\/v2\/users\/1"}],"replies":[{"embeddable":true,"href":"https:\/\/phillipps.lu\/en\/wp-json\/wp\/v2\/comments?post=314"}],"version-history":[{"count":0,"href":"https:\/\/phillipps.lu\/en\/wp-json\/wp\/v2\/pages\/314\/revisions"}],"up":[{"embeddable":true,"href":"https:\/\/phillipps.lu\/en\/wp-json\/wp\/v2\/pages\/211"}],"wp:attachment":[{"href":"https:\/\/phillipps.lu\/en\/wp-json\/wp\/v2\/media?parent=314"}],"curies":[{"name":"wp","href":"https:\/\/api.w.org\/{rel}","templated":true}]}}