{"id":311,"date":"2025-02-20T08:21:31","date_gmt":"2025-02-20T08:21:31","guid":{"rendered":"https:\/\/phillipps-2025.mwd-dev.lu\/?page_id=311"},"modified":"2025-03-21T13:09:28","modified_gmt":"2025-03-21T13:09:28","slug":"spanndecken","status":"publish","type":"page","link":"https:\/\/phillipps.lu\/en\/leistungen\/innen\/spanndecken\/","title":{"rendered":"Stretch roofs"},"content":{"rendered":"<h2>Spanndecken<\/h2>\n<h2>\n<p>Machen Sie Ihre R\u00e4ume zu einem echten Highlight mit ma\u00dfgeschneiderten Spanndecken und innovativen Lichtdecken.<\/p>\n<\/h2>\n<div>\n<p>Genie\u00dfen Sie unz\u00e4hlige Designm\u00f6glichkeiten, die perfekt zu Ihrem Stil passen und Ihr Zuhause in neuem Glanz erstrahlen lassen. Unsere Spanndecken werden passgenau f\u00fcr Ihre R\u00e4ume gefertigt und schnell, sauber und ohne gro\u00dfen Aufwand montiert.<\/p>\n<p>Mit integrierter Beleuchtung schaffen Sie ein einzigartiges Ambiente \u2013 direkt aus dem Deckenbereich. Perfekt f\u00fcr jedes Zimmer und jede Stimmung! Verleihen Sie Ihrem Zuhause den Wow-Effekt, den es verdient.<\/p>\n<\/div>\n<p><img decoding=\"async\" src=\"\/_res\/uploads\/2025\/03\/20250312-spanndecke-de.png\" alt=\"\"><br \/>\n<img decoding=\"async\" src=\"\/_res\/uploads\/2025\/02\/20250224-spanndecke-photo1.jpg\" alt=\"\"><\/p>\n<p><br \/>\n<\/p>\n","protected":false},"excerpt":{"rendered":"<p>Spanndecken Machen Sie Ihre R\u00e4ume zu einem echten Highlight mit ma\u00dfgeschneiderten Spanndecken und innovativen Lichtdecken. Genie\u00dfen Sie unz\u00e4hlige Designm\u00f6glichkeiten, die perfekt zu Ihrem Stil passen und Ihr Zuhause in neuem Glanz erstrahlen lassen. Unsere Spanndecken werden passgenau f\u00fcr Ihre R\u00e4ume gefertigt und schnell, sauber und ohne gro\u00dfen Aufwand montiert. Mit integrierter Beleuchtung schaffen Sie ein [&hellip;]<\/p>\n","protected":false},"author":1,"featured_media":0,"parent":210,"menu_order":800,"comment_status":"closed","ping_status":"closed","template":"","meta":{"_acf_changed":false,"footnotes":""},"class_list":["post-311","page","type-page","status-publish","hentry"],"acf":[],"_links":{"self":[{"href":"https:\/\/phillipps.lu\/en\/wp-json\/wp\/v2\/pages\/311","targetHints":{"allow":["GET"]}}],"collection":[{"href":"https:\/\/phillipps.lu\/en\/wp-json\/wp\/v2\/pages"}],"about":[{"href":"https:\/\/phillipps.lu\/en\/wp-json\/wp\/v2\/types\/page"}],"author":[{"embeddable":true,"href":"https:\/\/phillipps.lu\/en\/wp-json\/wp\/v2\/users\/1"}],"replies":[{"embeddable":true,"href":"https:\/\/phillipps.lu\/en\/wp-json\/wp\/v2\/comments?post=311"}],"version-history":[{"count":0,"href":"https:\/\/phillipps.lu\/en\/wp-json\/wp\/v2\/pages\/311\/revisions"}],"up":[{"embeddable":true,"href":"https:\/\/phillipps.lu\/en\/wp-json\/wp\/v2\/pages\/210"}],"wp:attachment":[{"href":"https:\/\/phillipps.lu\/en\/wp-json\/wp\/v2\/media?parent=311"}],"curies":[{"name":"wp","href":"https:\/\/api.w.org\/{rel}","templated":true}]}}