{"id":310,"date":"2025-02-20T08:20:03","date_gmt":"2025-02-20T08:20:03","guid":{"rendered":"https:\/\/phillipps-2025.mwd-dev.lu\/?page_id=310"},"modified":"2025-03-21T13:03:47","modified_gmt":"2025-03-21T13:03:47","slug":"elektro","status":"publish","type":"page","link":"https:\/\/phillipps.lu\/en\/leistungen\/innen\/elektro\/","title":{"rendered":"Electrical"},"content":{"rendered":"<h2>Elektro<\/h2>\n<h2>\n<p>Verleihen Sie Ihrem Zuhause die Zukunft \u2013 mit Elektroinstallationen und Smart Home!<\/p>\n<\/h2>\n<div>\n<p><strong>Stellen Sie sich vor, Ihr Zuhause arbeitet f\u00fcr Sie. Kein Knopf zu viel, kein Aufwand, nur pure Lebensqualit\u00e4t. Mit unseren professionellen Elektroinstallationen wird Ihre Wohnwelt neu definiert \u2013 sicher, zuverl\u00e4ssig und ma\u00dfgeschneidert. Wir sorgen daf\u00fcr, dass Ihre R\u00e4ume in perfekter Harmonie erstrahlen, mit Steckdosen, neuen Leitungen und ma\u00dfgeschneiderter Technik, die Sie nicht mehr missen m\u00f6chten.<\/strong><\/p>\n<p>Aber das ist erst der Anfang! Tauchen Sie ein in die Welt des Smart Home von Loxone \u2013 die Zukunft, die Sie heute schon leben k\u00f6nnen. Lassen Sie Ihr Zuhause f\u00fcr sich sprechen: Ihre Heizung wei\u00df, wann es Zeit f\u00fcr W\u00e4rme ist, die Beschattung sorgt f\u00fcr den perfekten Lichtspiel, und Ihre Musik spielt genau dann, wenn Sie es w\u00fcnschen. Alles l\u00e4uft reibungslos, alles perfekt aufeinander abgestimmt \u2013 so einfach, dass Sie sich fragen werden, wie Sie je ohne auskommen konnten.<\/p>\n<\/div>\n<p><img decoding=\"async\" src=\"\/_res\/uploads\/2025\/03\/20250312-elektro.png\" alt=\"\"><br \/>\n<img decoding=\"async\" src=\"\/_res\/uploads\/2025\/03\/20250312-elektro-de.png\" alt=\"\"><\/p>\n<p><br \/>\n<\/p>\n","protected":false},"excerpt":{"rendered":"<p>Elektro Verleihen Sie Ihrem Zuhause die Zukunft \u2013 mit Elektroinstallationen und Smart Home! Stellen Sie sich vor, Ihr Zuhause arbeitet f\u00fcr Sie. Kein Knopf zu viel, kein Aufwand, nur pure Lebensqualit\u00e4t. Mit unseren professionellen Elektroinstallationen wird Ihre Wohnwelt neu definiert \u2013 sicher, zuverl\u00e4ssig und ma\u00dfgeschneidert. Wir sorgen daf\u00fcr, dass Ihre R\u00e4ume in perfekter Harmonie erstrahlen, [&hellip;]<\/p>\n","protected":false},"author":1,"featured_media":0,"parent":210,"menu_order":400,"comment_status":"closed","ping_status":"closed","template":"","meta":{"_acf_changed":false,"footnotes":""},"class_list":["post-310","page","type-page","status-publish","hentry"],"acf":[],"_links":{"self":[{"href":"https:\/\/phillipps.lu\/en\/wp-json\/wp\/v2\/pages\/310","targetHints":{"allow":["GET"]}}],"collection":[{"href":"https:\/\/phillipps.lu\/en\/wp-json\/wp\/v2\/pages"}],"about":[{"href":"https:\/\/phillipps.lu\/en\/wp-json\/wp\/v2\/types\/page"}],"author":[{"embeddable":true,"href":"https:\/\/phillipps.lu\/en\/wp-json\/wp\/v2\/users\/1"}],"replies":[{"embeddable":true,"href":"https:\/\/phillipps.lu\/en\/wp-json\/wp\/v2\/comments?post=310"}],"version-history":[{"count":0,"href":"https:\/\/phillipps.lu\/en\/wp-json\/wp\/v2\/pages\/310\/revisions"}],"up":[{"embeddable":true,"href":"https:\/\/phillipps.lu\/en\/wp-json\/wp\/v2\/pages\/210"}],"wp:attachment":[{"href":"https:\/\/phillipps.lu\/en\/wp-json\/wp\/v2\/media?parent=310"}],"curies":[{"name":"wp","href":"https:\/\/api.w.org\/{rel}","templated":true}]}}