{"id":307,"date":"2025-02-20T08:10:48","date_gmt":"2025-02-20T08:10:48","guid":{"rendered":"https:\/\/phillipps-2025.mwd-dev.lu\/?page_id=307"},"modified":"2025-07-24T07:57:56","modified_gmt":"2025-07-24T07:57:56","slug":"schreiner","status":"publish","type":"page","link":"https:\/\/phillipps.lu\/en\/leistungen\/innen\/schreiner\/","title":{"rendered":"Joiner"},"content":{"rendered":"<h2>Schreiner<\/h2>\n<h2><span>Innenausbau, Zimmert\u00fcren M\u00f6bel, Treppen, Reparaturen<\/span><\/h2>\n<div>\n<p><span>Nach Ihren Vorstellungen, Ideen oder auch Skizzen fertigen unsere Schreiner Unikate, die Ihren individuellen Anspr\u00fcchen gerecht werden: Unter anderem dekorative M\u00f6belelemente, Zimmert\u00fcren oder Treppen. Wir machen Ihnen zudem Vorschl\u00e4ge f\u00fcr komplette Innenausbaukonzepte. Vom Esstisch bis zu kunstvollen Holzverzierungen, bei uns bleibt kein Einrichtungswunsch offen.<\/span><\/p>\n<\/div>\n<p><img decoding=\"async\" src=\"\/_res\/uploads\/2025\/02\/phillipps-schreiner.jpg\" alt=\"\"><\/p>\n<p><br \/>\n<\/p>\n","protected":false},"excerpt":{"rendered":"<p>Schreiner Innenausbau, Zimmert\u00fcren M\u00f6bel, Treppen, Reparaturen Nach Ihren Vorstellungen, Ideen oder auch Skizzen fertigen unsere Schreiner Unikate, die Ihren individuellen Anspr\u00fcchen gerecht werden: Unter anderem dekorative M\u00f6belelemente, Zimmert\u00fcren oder Treppen. Wir machen Ihnen zudem Vorschl\u00e4ge f\u00fcr komplette Innenausbaukonzepte. Vom Esstisch bis zu kunstvollen Holzverzierungen, bei uns bleibt kein Einrichtungswunsch offen.<\/p>\n","protected":false},"author":1,"featured_media":0,"parent":210,"menu_order":200,"comment_status":"closed","ping_status":"closed","template":"","meta":{"_acf_changed":false,"footnotes":""},"class_list":["post-307","page","type-page","status-publish","hentry"],"acf":[],"_links":{"self":[{"href":"https:\/\/phillipps.lu\/en\/wp-json\/wp\/v2\/pages\/307","targetHints":{"allow":["GET"]}}],"collection":[{"href":"https:\/\/phillipps.lu\/en\/wp-json\/wp\/v2\/pages"}],"about":[{"href":"https:\/\/phillipps.lu\/en\/wp-json\/wp\/v2\/types\/page"}],"author":[{"embeddable":true,"href":"https:\/\/phillipps.lu\/en\/wp-json\/wp\/v2\/users\/1"}],"replies":[{"embeddable":true,"href":"https:\/\/phillipps.lu\/en\/wp-json\/wp\/v2\/comments?post=307"}],"version-history":[{"count":0,"href":"https:\/\/phillipps.lu\/en\/wp-json\/wp\/v2\/pages\/307\/revisions"}],"up":[{"embeddable":true,"href":"https:\/\/phillipps.lu\/en\/wp-json\/wp\/v2\/pages\/210"}],"wp:attachment":[{"href":"https:\/\/phillipps.lu\/en\/wp-json\/wp\/v2\/media?parent=307"}],"curies":[{"name":"wp","href":"https:\/\/api.w.org\/{rel}","templated":true}]}}